{"id":26,"date":"2026-01-02T06:47:42","date_gmt":"2026-01-02T06:47:42","guid":{"rendered":"https:\/\/julekwpodrozy.pl\/?page_id=26"},"modified":"2026-01-02T06:47:42","modified_gmt":"2026-01-02T06:47:42","slug":"o-mnie","status":"publish","type":"page","link":"https:\/\/julekwpodrozy.pl\/?page_id=26","title":{"rendered":"O mnie"},"content":{"rendered":"\n<p>Cze\u015b\u0107!<\/p>\n\n\n\n<p>Jestem Mariusz.<\/p>\n\n\n\n<p>Jestem pasjonatem turystyki i relaksu w pi\u0119knych zak\u0105tkach Polski, ze szczeg\u00f3lnym uwzgl\u0119dnieniem regionu Podkarpacia. Od wielu lat odwiedzam r\u00f3\u017cne hotele, zar\u00f3wno luksusowe hotele, jak i obiekty po\u0142o\u017cone nad jeziorami i w\u015br\u00f3d teren\u00f3w zielonych, by dzieli\u0107 si\u0119 sprawdzonymi poradami i inspiracjami dotycz\u0105cymi planowania udanych wyjazd\u00f3w. W moich rekomendacjach uwzgl\u0119dniam takie miejsca jak hotel D\u0119bica czy hotel Grand Chotowa, kt\u00f3re wyr\u00f3\u017cniaj\u0105 si\u0119 komfortem, wysok\u0105 jako\u015bci\u0105 obs\u0142ugi i atrakcyjn\u0105 ofert\u0105 SPA podkarpackie. Staram si\u0119 pomaga\u0107 innym w wyborze najlepszych miejsc na relaks, weekendowy wypoczynek czy d\u0142u\u017cszy urlop, tak aby ka\u017cdy wyjazd by\u0142 niezapomniany i pe\u0142en pozytywnych wra\u017ce\u0144.<\/p>\n","protected":false},"excerpt":{"rendered":"<p>Cze\u015b\u0107! Jestem Mariusz. Jestem pasjonatem turystyki i relaksu w pi\u0119knych zak\u0105tkach Polski, ze szczeg\u00f3lnym uwzgl\u0119dnieniem regionu Podkarpacia. Od wielu lat odwiedzam r\u00f3\u017cne hotele, zar\u00f3wno luksusowe hotele, jak i obiekty po\u0142o\u017cone nad jeziorami i w\u015br\u00f3d teren\u00f3w zielonych, by dzieli\u0107 si\u0119 sprawdzonymi poradami i inspiracjami dotycz\u0105cymi planowania udanych wyjazd\u00f3w. W moich rekomendacjach uwzgl\u0119dniam takie miejsca jak hotel [&hellip;]<\/p>\n","protected":false},"author":1,"featured_media":0,"parent":0,"menu_order":0,"comment_status":"closed","ping_status":"closed","template":"","meta":{"footnotes":""},"class_list":["post-26","page","type-page","status-publish","hentry"],"_links":{"self":[{"href":"https:\/\/julekwpodrozy.pl\/index.php?rest_route=\/wp\/v2\/pages\/26","targetHints":{"allow":["GET"]}}],"collection":[{"href":"https:\/\/julekwpodrozy.pl\/index.php?rest_route=\/wp\/v2\/pages"}],"about":[{"href":"https:\/\/julekwpodrozy.pl\/index.php?rest_route=\/wp\/v2\/types\/page"}],"author":[{"embeddable":true,"href":"https:\/\/julekwpodrozy.pl\/index.php?rest_route=\/wp\/v2\/users\/1"}],"replies":[{"embeddable":true,"href":"https:\/\/julekwpodrozy.pl\/index.php?rest_route=%2Fwp%2Fv2%2Fcomments&post=26"}],"version-history":[{"count":0,"href":"https:\/\/julekwpodrozy.pl\/index.php?rest_route=\/wp\/v2\/pages\/26\/revisions"}],"wp:attachment":[{"href":"https:\/\/julekwpodrozy.pl\/index.php?rest_route=%2Fwp%2Fv2%2Fmedia&parent=26"}],"curies":[{"name":"wp","href":"https:\/\/api.w.org\/{rel}","templated":true}]}}